{"id":1135,"date":"2018-08-07T08:36:51","date_gmt":"2018-08-07T08:36:51","guid":{"rendered":""},"modified":"2022-03-03T16:09:49","modified_gmt":"2022-03-03T16:09:49","slug":"contact","status":"publish","type":"page","link":"https:\/\/www.blueskyawards.com\/en\/contact\/","title":{"rendered":"Contact"},"content":{"rendered":"<p>[vc_row lg_spacing=&#8221;padding_top:150;padding_bottom:110&#8243; sm_spacing=&#8221;padding_top:100;padding_bottom:60&#8243;][vc_column width=&#8221;1\/3&#8243;][tm_heading custom_google_font=&#8221;&#8221; align=&#8221;center&#8221; text=&#8221;Our address &#8211; TR&#8221; font_size=&#8221;sm:18;md:21;lg:24&#8243; line_height=&#8221;1.59&#8243;][tm_spacer size=&#8221;lg:17&#8243;][tm_heading tag=&#8221;div&#8221; custom_google_font=&#8221;&#8221; align=&#8221;center&#8221; text=&#8221;KOLON MEDYA Yay\u0131nc\u0131l\u0131k Sanayi ve Ticaret Limited \u015eirketi &#8211; (COLON GROUP)&#8221; line_height=&#8221;2.22&#8243;][tm_heading style=&#8221;below-separator&#8221; tag=&#8221;div&#8221; custom_google_font=&#8221;&#8221; align=&#8221;center&#8221; text=&#8221;34290, K\u00fc\u00e7\u00fck\u00e7ekmece &#8211; \u0130stanbul, TURKEY<br \/>\nV.N: 5750454116&#8243; line_height=&#8221;2.22&#8243;][tm_spacer size=&#8221;lg:17&#8243;][tm_heading style=&#8221;highlight-secondary-color&#8221; tag=&#8221;div&#8221; custom_google_font=&#8221;&#8221; align=&#8221;center&#8221; text=&#8221;Copyright \u00a9 Bluesky Awards 2021 &#8221; line_height=&#8221;2.22&#8243;][tm_spacer size=&#8221;lg:40&#8243;][\/vc_column][vc_column width=&#8221;1\/3&#8243;][tm_heading custom_google_font=&#8221;&#8221; align=&#8221;center&#8221; text=&#8221;Contact us&#8221; font_size=&#8221;sm:18;md:21;lg:24&#8243; line_height=&#8221;1.59&#8243;][tm_spacer size=&#8221;lg:17&#8243;][tm_heading tag=&#8221;div&#8221; custom_google_font=&#8221;&#8221; align=&#8221;center&#8221; text=&#8221;info@blueskyawards.com&#8221; line_height=&#8221;2.22&#8243;][tm_spacer size=&#8221;lg:40&#8243;][\/vc_column][vc_column width=&#8221;1\/3&#8243;][tm_heading custom_google_font=&#8221;&#8221; align=&#8221;center&#8221; text=&#8221;Follow us&#8221; font_size=&#8221;sm:18;md:21;lg:24&#8243; line_height=&#8221;1.59&#8243;][tm_spacer size=&#8221;lg:25&#8243;][tm_social_networks style=&#8221;flat-rounded-icon&#8221; align=&#8221;center&#8221; items=&#8221;%5B%7B%22title%22%3A%22Facebook%22%2C%22link%22%3A%22https%3A%2F%2Fwww.facebook.com%2FBluesky-Awards-112323233854775%20%22%2C%22icon_fontawesome5%22%3A%22fab%20fa-facebook%22%7D%2C%7B%22title%22%3A%22Twitter%22%2C%22link%22%3A%22https%3A%2F%2Ftwitter.com%2Fblueskyawards%2F%22%2C%22icon_fontawesome5%22%3A%22fab%20fa-twitter%22%7D%2C%7B%22title%22%3A%22Instagram%22%2C%22link%22%3A%22https%3A%2F%2Fwww.instagram.com%2Fblueskyawards%2F%22%2C%22icon_fontawesome5%22%3A%22fab%20fa-instagram%22%7D%2C%7B%22title%22%3A%22Youtube%22%2C%22link%22%3A%22https%3A%2F%2Fwww.youtube.com%2Fchannel%2FUC0slwCGeqCDWL_wpp8DkKcw%22%2C%22icon_fontawesome5%22%3A%22fab%20fa-youtube%22%7D%5D&#8221;][tm_spacer size=&#8221;lg:40&#8243;][\/vc_column][\/vc_row][vc_row full_width=&#8221;stretch_row&#8221; background_color=&#8221;custom&#8221; custom_background_color=&#8221;#f5f5f5&#8243;][vc_column][tm_spacer size=&#8221;sm:100;lg:150&#8243;][vc_row_inner content_alignment=&#8221;center&#8221; max_width=&#8221;610px&#8221;][vc_column_inner][tm_spacer size=&#8221;lg:37&#8243;][tm_button size=&#8221;lg&#8221; full_wide=&#8221;1&#8243; button=&#8221;url:https%3A%2F%2Fwww.blueskyawards.com%2Filetisim|title:Send%20us%20a%20message|target:_blank&#8221; align=&#8221;center&#8221;][\/vc_column_inner][\/vc_row_inner][tm_spacer size=&#8221;sm:100;lg:150&#8243;][\/vc_column][\/vc_row]<\/p>\n","protected":false},"excerpt":{"rendered":"<p>[vc_row lg_spacing=&#8221;padding_top:150;padding_bottom:110&#8243; sm_spacing=&#8221;padding_top:100;padding_bottom:60&#8243;][vc_column width=&#8221;1\/3&#8243;][tm_heading custom_google_font=&#8221;&#8221; align=&#8221;center&#8221; text=&#8221;Our address &#8211; TR&#8221; font_size=&#8221;sm:18;md:21;lg:24&#8243; line_height=&#8221;1.59&#8243;][tm_spacer size=&#8221;lg:17&#8243;][tm_heading tag=&#8221;div&#8221; custom_google_font=&#8221;&#8221; align=&#8221;center&#8221; text=&#8221;KOLON MEDYA Yay\u0131nc\u0131l\u0131k Sanayi ve Ticaret Limited \u015eirketi &#8211; (COLON GROUP)&#8221; line_height=&#8221;2.22&#8243;][tm_heading style=&#8221;below-separator&#8221; tag=&#8221;div&#8221; custom_google_font=&#8221;&#8221; align=&#8221;center&#8221; text=&#8221;34290, K\u00fc\u00e7\u00fck\u00e7ekmece &#8211; \u0130stanbul, TURKEY V.N: 5750454116&#8243; line_height=&#8221;2.22&#8243;][tm_spacer size=&#8221;lg:17&#8243;][tm_heading style=&#8221;highlight-secondary-color&#8221; tag=&#8221;div&#8221; custom_google_font=&#8221;&#8221; align=&#8221;center&#8221; text=&#8221;Copyright \u00a9 Bluesky Awards 2021 &#8221; line_height=&#8221;2.22&#8243;][tm_spacer size=&#8221;lg:40&#8243;][\/vc_column][vc_column width=&#8221;1\/3&#8243;][tm_heading custom_google_font=&#8221;&#8221; align=&#8221;center&#8221; text=&#8221;Contact us&#8221; font_size=&#8221;sm:18;md:21;lg:24&#8243; line_height=&#8221;1.59&#8243;][tm_spacer size=&#8221;lg:17&#8243;][tm_heading tag=&#8221;div&#8221; custom_google_font=&#8221;&#8221; align=&#8221;center&#8221; text=&#8221;info@blueskyawards.com&#8221; line_height=&#8221;2.22&#8243;][tm_spacer size=&#8221;lg:40&#8243;][\/vc_column][vc_column width=&#8221;1\/3&#8243;][tm_heading custom_google_font=&#8221;&#8221; align=&#8221;center&#8221; text=&#8221;Follow us&#8221; font_size=&#8221;sm:18;md:21;lg:24&#8243; line_height=&#8221;1.59&#8243;][tm_spacer size=&#8221;lg:25&#8243;][tm_social_networks style=&#8221;flat-rounded-icon&#8221; align=&#8221;center&#8221; items=&#8221;%5B%7B%22title%22%3A%22Facebook%22%2C%22link%22%3A%22https%3A%2F%2Fwww.facebook.com%2FBluesky-Awards-112323233854775%20%22%2C%22icon_fontawesome5%22%3A%22fab%20fa-facebook%22%7D%2C%7B%22title%22%3A%22Twitter%22%2C%22link%22%3A%22https%3A%2F%2Ftwitter.com%2Fblueskyawards%2F%22%2C%22icon_fontawesome5%22%3A%22fab%20fa-twitter%22%7D%2C%7B%22title%22%3A%22Instagram%22%2C%22link%22%3A%22https%3A%2F%2Fwww.instagram.com%2Fblueskyawards%2F%22%2C%22icon_fontawesome5%22%3A%22fab%20fa-instagram%22%7D%2C%7B%22title%22%3A%22Youtube%22%2C%22link%22%3A%22https%3A%2F%2Fwww.youtube.com%2Fchannel%2FUC0slwCGeqCDWL_wpp8DkKcw%22%2C%22icon_fontawesome5%22%3A%22fab%20fa-youtube%22%7D%5D&#8221;][tm_spacer size=&#8221;lg:40&#8243;][\/vc_column][\/vc_row][vc_row full_width=&#8221;stretch_row&#8221; background_color=&#8221;custom&#8221; custom_background_color=&#8221;#f5f5f5&#8243;][vc_column][tm_spacer size=&#8221;sm:100;lg:150&#8243;][vc_row_inner content_alignment=&#8221;center&#8221; max_width=&#8221;610px&#8221;][vc_column_inner][tm_spacer size=&#8221;lg:37&#8243;][tm_button size=&#8221;lg&#8221; full_wide=&#8221;1&#8243; button=&#8221;url:https%3A%2F%2Fwww.blueskyawards.com%2Filetisim|title:Send%20us%20a%20message|target:_blank&#8221; align=&#8221;center&#8221;][\/vc_column_inner][\/vc_row_inner][tm_spacer size=&#8221;sm:100;lg:150&#8243;][\/vc_column][\/vc_row]<\/p>\n","protected":false},"author":1,"featured_media":0,"parent":0,"menu_order":0,"comment_status":"closed","ping_status":"closed","template":"","meta":{"footnotes":""},"class_list":["post-1135","page","type-page","status-publish","hentry","post-no-thumbnail"],"yoast_head":"<!-- This site is optimized with the Yoast SEO plugin v23.3 - https:\/\/yoast.com\/wordpress\/plugins\/seo\/ -->\n<title>Contact | Bluesky Awards<\/title>\n<meta name=\"robots\" content=\"index, follow, max-snippet:-1, max-image-preview:large, max-video-preview:-1\" \/>\n<link rel=\"canonical\" href=\"https:\/\/www.blueskyawards.com\/en\/contact\/\" \/>\n<meta property=\"og:locale\" content=\"en_GB\" \/>\n<meta property=\"og:type\" content=\"article\" \/>\n<meta property=\"og:title\" content=\"Contact | Bluesky Awards\" \/>\n<meta property=\"og:description\" content=\"[vc_row lg_spacing=&#8221;padding_top:150;padding_bottom:110&#8243; sm_spacing=&#8221;padding_top:100;padding_bottom:60&#8243;][vc_column width=&#8221;1\/3&#8243;][tm_heading custom_google_font=&#8221;&#8221; align=&#8221;center&#8221; text=&#8221;Our address &#8211; TR&#8221; font_size=&#8221;sm:18;md:21;lg:24&#8243; line_height=&#8221;1.59&#8243;][tm_spacer size=&#8221;lg:17&#8243;][tm_heading tag=&#8221;div&#8221; custom_google_font=&#8221;&#8221; align=&#8221;center&#8221; text=&#8221;KOLON MEDYA Yay\u0131nc\u0131l\u0131k Sanayi ve Ticaret Limited \u015eirketi &#8211; (COLON GROUP)&#8221; line_height=&#8221;2.22&#8243;][tm_heading style=&#8221;below-separator&#8221; tag=&#8221;div&#8221; custom_google_font=&#8221;&#8221; align=&#8221;center&#8221; text=&#8221;34290, K\u00fc\u00e7\u00fck\u00e7ekmece &#8211; \u0130stanbul, TURKEY V.N: 5750454116&#8243; line_height=&#8221;2.22&#8243;][tm_spacer size=&#8221;lg:17&#8243;][tm_heading style=&#8221;highlight-secondary-color&#8221; tag=&#8221;div&#8221; custom_google_font=&#8221;&#8221; align=&#8221;center&#8221; text=&#8221;Copyright \u00a9 Bluesky Awards 2021 &#8221; line_height=&#8221;2.22&#8243;][tm_spacer size=&#8221;lg:40&#8243;][\/vc_column][vc_column width=&#8221;1\/3&#8243;][tm_heading custom_google_font=&#8221;&#8221; align=&#8221;center&#8221; text=&#8221;Contact us&#8221; font_size=&#8221;sm:18;md:21;lg:24&#8243; line_height=&#8221;1.59&#8243;][tm_spacer size=&#8221;lg:17&#8243;][tm_heading tag=&#8221;div&#8221; custom_google_font=&#8221;&#8221; align=&#8221;center&#8221; text=&#8221;info@blueskyawards.com&#8221; line_height=&#8221;2.22&#8243;][tm_spacer size=&#8221;lg:40&#8243;][\/vc_column][vc_column width=&#8221;1\/3&#8243;][tm_heading custom_google_font=&#8221;&#8221; align=&#8221;center&#8221; text=&#8221;Follow us&#8221; font_size=&#8221;sm:18;md:21;lg:24&#8243; line_height=&#8221;1.59&#8243;][tm_spacer size=&#8221;lg:25&#8243;][tm_social_networks style=&#8221;flat-rounded-icon&#8221; align=&#8221;center&#8221; items=&#8221;%5B%7B%22title%22%3A%22Facebook%22%2C%22link%22%3A%22https%3A%2F%2Fwww.facebook.com%2FBluesky-Awards-112323233854775%20%22%2C%22icon_fontawesome5%22%3A%22fab%20fa-facebook%22%7D%2C%7B%22title%22%3A%22Twitter%22%2C%22link%22%3A%22https%3A%2F%2Ftwitter.com%2Fblueskyawards%2F%22%2C%22icon_fontawesome5%22%3A%22fab%20fa-twitter%22%7D%2C%7B%22title%22%3A%22Instagram%22%2C%22link%22%3A%22https%3A%2F%2Fwww.instagram.com%2Fblueskyawards%2F%22%2C%22icon_fontawesome5%22%3A%22fab%20fa-instagram%22%7D%2C%7B%22title%22%3A%22Youtube%22%2C%22link%22%3A%22https%3A%2F%2Fwww.youtube.com%2Fchannel%2FUC0slwCGeqCDWL_wpp8DkKcw%22%2C%22icon_fontawesome5%22%3A%22fab%20fa-youtube%22%7D%5D&#8221;][tm_spacer size=&#8221;lg:40&#8243;][\/vc_column][\/vc_row][vc_row full_width=&#8221;stretch_row&#8221; background_color=&#8221;custom&#8221; custom_background_color=&#8221;#f5f5f5&#8243;][vc_column][tm_spacer size=&#8221;sm:100;lg:150&#8243;][vc_row_inner content_alignment=&#8221;center&#8221; max_width=&#8221;610px&#8221;][vc_column_inner][tm_spacer size=&#8221;lg:37&#8243;][tm_button size=&#8221;lg&#8221; full_wide=&#8221;1&#8243; button=&#8221;url:https%3A%2F%2Fwww.blueskyawards.com%2Filetisim|title:Send%20us%20a%20message|target:_blank&#8221; align=&#8221;center&#8221;][\/vc_column_inner][\/vc_row_inner][tm_spacer size=&#8221;sm:100;lg:150&#8243;][\/vc_column][\/vc_row]\" \/>\n<meta property=\"og:url\" content=\"https:\/\/www.blueskyawards.com\/en\/contact\/\" \/>\n<meta property=\"og:site_name\" content=\"Bluesky Awards\" \/>\n<meta property=\"article:modified_time\" content=\"2022-03-03T16:09:49+00:00\" \/>\n<meta name=\"twitter:card\" content=\"summary_large_image\" \/>\n<meta name=\"twitter:label1\" content=\"Estimated reading time\" \/>\n\t<meta name=\"twitter:data1\" content=\"1 minute\" \/>\n<script type=\"application\/ld+json\" class=\"yoast-schema-graph\">{\"@context\":\"https:\/\/schema.org\",\"@graph\":[{\"@type\":\"WebPage\",\"@id\":\"https:\/\/www.blueskyawards.com\/en\/contact\/\",\"url\":\"https:\/\/www.blueskyawards.com\/en\/contact\/\",\"name\":\"Contact | Bluesky Awards\",\"isPartOf\":{\"@id\":\"https:\/\/www.blueskyawards.com\/en\/#website\"},\"datePublished\":\"2018-08-07T08:36:51+00:00\",\"dateModified\":\"2022-03-03T16:09:49+00:00\",\"breadcrumb\":{\"@id\":\"https:\/\/www.blueskyawards.com\/en\/contact\/#breadcrumb\"},\"inLanguage\":\"en-GB\",\"potentialAction\":[{\"@type\":\"ReadAction\",\"target\":[\"https:\/\/www.blueskyawards.com\/en\/contact\/\"]}]},{\"@type\":\"BreadcrumbList\",\"@id\":\"https:\/\/www.blueskyawards.com\/en\/contact\/#breadcrumb\",\"itemListElement\":[{\"@type\":\"ListItem\",\"position\":1,\"name\":\"Home\",\"item\":\"https:\/\/www.blueskyawards.com\/en\/\"},{\"@type\":\"ListItem\",\"position\":2,\"name\":\"Contact\"}]},{\"@type\":\"WebSite\",\"@id\":\"https:\/\/www.blueskyawards.com\/en\/#website\",\"url\":\"https:\/\/www.blueskyawards.com\/en\/\",\"name\":\"Bluesky Awards\",\"description\":\"International Aviation Awards\",\"publisher\":{\"@id\":\"https:\/\/www.blueskyawards.com\/en\/#organization\"},\"potentialAction\":[{\"@type\":\"SearchAction\",\"target\":{\"@type\":\"EntryPoint\",\"urlTemplate\":\"https:\/\/www.blueskyawards.com\/en\/?s={search_term_string}\"},\"query-input\":\"required name=search_term_string\"}],\"inLanguage\":\"en-GB\"},{\"@type\":\"Organization\",\"@id\":\"https:\/\/www.blueskyawards.com\/en\/#organization\",\"name\":\"Bluesky Awards\",\"url\":\"https:\/\/www.blueskyawards.com\/en\/\",\"logo\":{\"@type\":\"ImageObject\",\"inLanguage\":\"en-GB\",\"@id\":\"https:\/\/www.blueskyawards.com\/en\/#\/schema\/logo\/image\/\",\"url\":\"https:\/\/www.blueskyawards.com\/en\/wp-content\/uploads\/sites\/2\/2021\/03\/site_kimligi_bluesky2020.png\",\"contentUrl\":\"https:\/\/www.blueskyawards.com\/en\/wp-content\/uploads\/sites\/2\/2021\/03\/site_kimligi_bluesky2020.png\",\"width\":512,\"height\":512,\"caption\":\"Bluesky Awards\"},\"image\":{\"@id\":\"https:\/\/www.blueskyawards.com\/en\/#\/schema\/logo\/image\/\"}}]}<\/script>\n<!-- \/ Yoast SEO plugin. -->","yoast_head_json":{"title":"Contact | Bluesky Awards","robots":{"index":"index","follow":"follow","max-snippet":"max-snippet:-1","max-image-preview":"max-image-preview:large","max-video-preview":"max-video-preview:-1"},"canonical":"https:\/\/www.blueskyawards.com\/en\/contact\/","og_locale":"en_GB","og_type":"article","og_title":"Contact | Bluesky Awards","og_description":"[vc_row lg_spacing=&#8221;padding_top:150;padding_bottom:110&#8243; sm_spacing=&#8221;padding_top:100;padding_bottom:60&#8243;][vc_column width=&#8221;1\/3&#8243;][tm_heading custom_google_font=&#8221;&#8221; align=&#8221;center&#8221; text=&#8221;Our address &#8211; TR&#8221; font_size=&#8221;sm:18;md:21;lg:24&#8243; line_height=&#8221;1.59&#8243;][tm_spacer size=&#8221;lg:17&#8243;][tm_heading tag=&#8221;div&#8221; custom_google_font=&#8221;&#8221; align=&#8221;center&#8221; text=&#8221;KOLON MEDYA Yay\u0131nc\u0131l\u0131k Sanayi ve Ticaret Limited \u015eirketi &#8211; (COLON GROUP)&#8221; line_height=&#8221;2.22&#8243;][tm_heading style=&#8221;below-separator&#8221; tag=&#8221;div&#8221; custom_google_font=&#8221;&#8221; align=&#8221;center&#8221; text=&#8221;34290, K\u00fc\u00e7\u00fck\u00e7ekmece &#8211; \u0130stanbul, TURKEY V.N: 5750454116&#8243; line_height=&#8221;2.22&#8243;][tm_spacer size=&#8221;lg:17&#8243;][tm_heading style=&#8221;highlight-secondary-color&#8221; tag=&#8221;div&#8221; custom_google_font=&#8221;&#8221; align=&#8221;center&#8221; text=&#8221;Copyright \u00a9 Bluesky Awards 2021 &#8221; line_height=&#8221;2.22&#8243;][tm_spacer size=&#8221;lg:40&#8243;][\/vc_column][vc_column width=&#8221;1\/3&#8243;][tm_heading custom_google_font=&#8221;&#8221; align=&#8221;center&#8221; text=&#8221;Contact us&#8221; font_size=&#8221;sm:18;md:21;lg:24&#8243; line_height=&#8221;1.59&#8243;][tm_spacer size=&#8221;lg:17&#8243;][tm_heading tag=&#8221;div&#8221; custom_google_font=&#8221;&#8221; align=&#8221;center&#8221; text=&#8221;info@blueskyawards.com&#8221; line_height=&#8221;2.22&#8243;][tm_spacer size=&#8221;lg:40&#8243;][\/vc_column][vc_column width=&#8221;1\/3&#8243;][tm_heading custom_google_font=&#8221;&#8221; align=&#8221;center&#8221; text=&#8221;Follow us&#8221; font_size=&#8221;sm:18;md:21;lg:24&#8243; line_height=&#8221;1.59&#8243;][tm_spacer size=&#8221;lg:25&#8243;][tm_social_networks style=&#8221;flat-rounded-icon&#8221; align=&#8221;center&#8221; items=&#8221;%5B%7B%22title%22%3A%22Facebook%22%2C%22link%22%3A%22https%3A%2F%2Fwww.facebook.com%2FBluesky-Awards-112323233854775%20%22%2C%22icon_fontawesome5%22%3A%22fab%20fa-facebook%22%7D%2C%7B%22title%22%3A%22Twitter%22%2C%22link%22%3A%22https%3A%2F%2Ftwitter.com%2Fblueskyawards%2F%22%2C%22icon_fontawesome5%22%3A%22fab%20fa-twitter%22%7D%2C%7B%22title%22%3A%22Instagram%22%2C%22link%22%3A%22https%3A%2F%2Fwww.instagram.com%2Fblueskyawards%2F%22%2C%22icon_fontawesome5%22%3A%22fab%20fa-instagram%22%7D%2C%7B%22title%22%3A%22Youtube%22%2C%22link%22%3A%22https%3A%2F%2Fwww.youtube.com%2Fchannel%2FUC0slwCGeqCDWL_wpp8DkKcw%22%2C%22icon_fontawesome5%22%3A%22fab%20fa-youtube%22%7D%5D&#8221;][tm_spacer size=&#8221;lg:40&#8243;][\/vc_column][\/vc_row][vc_row full_width=&#8221;stretch_row&#8221; background_color=&#8221;custom&#8221; custom_background_color=&#8221;#f5f5f5&#8243;][vc_column][tm_spacer size=&#8221;sm:100;lg:150&#8243;][vc_row_inner content_alignment=&#8221;center&#8221; max_width=&#8221;610px&#8221;][vc_column_inner][tm_spacer size=&#8221;lg:37&#8243;][tm_button size=&#8221;lg&#8221; full_wide=&#8221;1&#8243; button=&#8221;url:https%3A%2F%2Fwww.blueskyawards.com%2Filetisim|title:Send%20us%20a%20message|target:_blank&#8221; align=&#8221;center&#8221;][\/vc_column_inner][\/vc_row_inner][tm_spacer size=&#8221;sm:100;lg:150&#8243;][\/vc_column][\/vc_row]","og_url":"https:\/\/www.blueskyawards.com\/en\/contact\/","og_site_name":"Bluesky Awards","article_modified_time":"2022-03-03T16:09:49+00:00","twitter_card":"summary_large_image","twitter_misc":{"Estimated reading time":"1 minute"},"schema":{"@context":"https:\/\/schema.org","@graph":[{"@type":"WebPage","@id":"https:\/\/www.blueskyawards.com\/en\/contact\/","url":"https:\/\/www.blueskyawards.com\/en\/contact\/","name":"Contact | Bluesky Awards","isPartOf":{"@id":"https:\/\/www.blueskyawards.com\/en\/#website"},"datePublished":"2018-08-07T08:36:51+00:00","dateModified":"2022-03-03T16:09:49+00:00","breadcrumb":{"@id":"https:\/\/www.blueskyawards.com\/en\/contact\/#breadcrumb"},"inLanguage":"en-GB","potentialAction":[{"@type":"ReadAction","target":["https:\/\/www.blueskyawards.com\/en\/contact\/"]}]},{"@type":"BreadcrumbList","@id":"https:\/\/www.blueskyawards.com\/en\/contact\/#breadcrumb","itemListElement":[{"@type":"ListItem","position":1,"name":"Home","item":"https:\/\/www.blueskyawards.com\/en\/"},{"@type":"ListItem","position":2,"name":"Contact"}]},{"@type":"WebSite","@id":"https:\/\/www.blueskyawards.com\/en\/#website","url":"https:\/\/www.blueskyawards.com\/en\/","name":"Bluesky Awards","description":"International Aviation Awards","publisher":{"@id":"https:\/\/www.blueskyawards.com\/en\/#organization"},"potentialAction":[{"@type":"SearchAction","target":{"@type":"EntryPoint","urlTemplate":"https:\/\/www.blueskyawards.com\/en\/?s={search_term_string}"},"query-input":"required name=search_term_string"}],"inLanguage":"en-GB"},{"@type":"Organization","@id":"https:\/\/www.blueskyawards.com\/en\/#organization","name":"Bluesky Awards","url":"https:\/\/www.blueskyawards.com\/en\/","logo":{"@type":"ImageObject","inLanguage":"en-GB","@id":"https:\/\/www.blueskyawards.com\/en\/#\/schema\/logo\/image\/","url":"https:\/\/www.blueskyawards.com\/en\/wp-content\/uploads\/sites\/2\/2021\/03\/site_kimligi_bluesky2020.png","contentUrl":"https:\/\/www.blueskyawards.com\/en\/wp-content\/uploads\/sites\/2\/2021\/03\/site_kimligi_bluesky2020.png","width":512,"height":512,"caption":"Bluesky Awards"},"image":{"@id":"https:\/\/www.blueskyawards.com\/en\/#\/schema\/logo\/image\/"}}]}},"_links":{"self":[{"href":"https:\/\/www.blueskyawards.com\/en\/wp-json\/wp\/v2\/pages\/1135"}],"collection":[{"href":"https:\/\/www.blueskyawards.com\/en\/wp-json\/wp\/v2\/pages"}],"about":[{"href":"https:\/\/www.blueskyawards.com\/en\/wp-json\/wp\/v2\/types\/page"}],"author":[{"embeddable":true,"href":"https:\/\/www.blueskyawards.com\/en\/wp-json\/wp\/v2\/users\/1"}],"replies":[{"embeddable":true,"href":"https:\/\/www.blueskyawards.com\/en\/wp-json\/wp\/v2\/comments?post=1135"}],"version-history":[{"count":16,"href":"https:\/\/www.blueskyawards.com\/en\/wp-json\/wp\/v2\/pages\/1135\/revisions"}],"predecessor-version":[{"id":6743,"href":"https:\/\/www.blueskyawards.com\/en\/wp-json\/wp\/v2\/pages\/1135\/revisions\/6743"}],"wp:attachment":[{"href":"https:\/\/www.blueskyawards.com\/en\/wp-json\/wp\/v2\/media?parent=1135"}],"curies":[{"name":"wp","href":"https:\/\/api.w.org\/{rel}","templated":true}]}}