{"id":1237,"date":"2018-08-08T09:46:38","date_gmt":"2018-08-08T09:46:38","guid":{"rendered":"https:\/\/www.blueskyawards.com\/tr\/pages\/our-team-grid\/"},"modified":"2022-02-26T11:52:42","modified_gmt":"2022-02-26T11:52:42","slug":"jury-members","status":"publish","type":"page","link":"https:\/\/www.blueskyawards.com\/en\/jury-members\/","title":{"rendered":"2021 Jury Members"},"content":{"rendered":"<p>[vc_row][vc_column][tm_spacer size=&#8221;lg:124&#8243;][tm_heading custom_google_font=&#8221;&#8221; align=&#8221;center&#8221; text=&#8221;<mark>Jury Members<\/mark><br \/>\n&amp; Bluesky Awards &#8211; 2021&#8243; font_size=&#8221;xs:36;sm:44;md:52;lg:60&#8243; line_height=&#8221;1.5&#8243;][tm_spacer size=&#8221;lg:145&#8243;][\/vc_column][\/vc_row][vc_row full_width=&#8221;stretch_row&#8221;][vc_column][tm_grid columns=&#8221;xs:1;sm:2;lg:3&#8243; column_gutter=&#8221;md:30;lg:75&#8243; row_gutter=&#8221;lg:60&#8243;][tm_team_member social_networks=&#8221;%5B%5D&#8221; photo=&#8221;6643&#8243; name=&#8221;Necdet Aksa\u00e7&#8221; position=&#8221;Aircraft Technicians Association &#8211; UTED President&#8221;][tm_team_member social_networks=&#8221;%5B%5D&#8221; photo=&#8221;6636&#8243; name=&#8221;Din\u00e7er Sald\u0131r\u0131\u015f&#8221; position=&#8221;Turkish Aeronautical Association &#8211; President of Ayd\u0131n Branch&#8221;][tm_team_member social_networks=&#8221;%5B%5D&#8221; photo=&#8221;6630&#8243; name=&#8221;Kemal Zafer Topuz&#8221; position=&#8221;DHMI General Directorate Consultant&#8221;][tm_team_member social_networks=&#8221;%5B%5D&#8221; photo=&#8221;6633&#8243; name=&#8221;Alp S\u00fcleyman Evcil&#8221; position=&#8221;Total Aviation &#8211; Aircraft Avionics Workshop Chief&#8221;][tm_team_member social_networks=&#8221;%5B%5D&#8221; name=&#8221;Asst. Prof. G\u00fcla\u00e7t\u0131 \u015eEN&#8221; position=&#8221;IESU Department of Transportation Services&#8221; photo=&#8221;6638&#8243;][tm_team_member social_networks=&#8221;%5B%5D&#8221; name=&#8221;Ali Gen\u00e7&#8221; position=&#8221;TUSA\u015e &#8211; Media Communication Consultant&#8221; photo=&#8221;6632&#8243;][tm_team_member social_networks=&#8221;%5B%5D&#8221; photo=&#8221;6641&#8243; name=&#8221;Hatice Nur G\u00fcndo\u011fdu&#8221; position=&#8221;HNG Aviation &#8211; Pilot &amp; Instructor&#8221;][tm_team_member social_networks=&#8221;%5B%5D&#8221; name=&#8221;Prof.Dr Abidin K\u0131l\u0131\u00e7&#8221; position=&#8221;EST\u00dc Advisor to the Rector&#8221; photo=&#8221;6626&#8243;][tm_team_member social_networks=&#8221;%5B%5D&#8221; name=&#8221;Elif G\u00fcveyler&#8221; position=&#8221;Jazeera Airways &#8211; Pilot&#8221; photo=&#8221;6639&#8243;][tm_team_member social_networks=&#8221;%5B%5D&#8221; photo=&#8221;6631&#8243; name=&#8221;Abdullah Arpa&#8221; position=&#8221;Skyart Japan Founder-CEO &amp; Cpt. Pilot&#8221;][tm_team_member social_networks=&#8221;%5B%5D&#8221; name=&#8221;Cemal T\u00fcrko\u011flu&#8221; position=&#8221;Qatar Airways &#8211; Pilot &amp; CRM Instructor&#8221; photo=&#8221;6635&#8243;][tm_team_member social_networks=&#8221;%5B%5D&#8221; name=&#8221;Attorney \u00c7a\u011flar Altun&#8221; position=&#8221;Aviation Lawyer &#8211; HARKUL Defense Aviation Director&#8221; photo=&#8221;6634&#8243;][tm_team_member social_networks=&#8221;%5B%5D&#8221; name=&#8221;Dr. Erdal Dursun&#8221; position=&#8221;IOIS Institute &#8211; Chairman of the Supreme Board&#8221; photo=&#8221;6637&#8243;][tm_team_member social_networks=&#8221;%5B%5D&#8221; name=&#8221;\u00dcnal Aster&#8221; position=&#8221;Flight Instructor &amp; Aerobatic Pilot&#8221; photo=&#8221;6628&#8243;][tm_team_member social_networks=&#8221;%5B%5D&#8221; photo=&#8221;6640&#8243; name=&#8221;Eray Beceren&#8221; position=&#8221;Aviation Trainer Instructor&#8221;][tm_team_member social_networks=&#8221;%5B%5D&#8221; name=&#8221;Hilal Bahad\u0131r \u015eafak&#8221; position=&#8221;Swiss &amp; Lufthansa &#8211; Booking Officer&#8221; photo=&#8221;6642&#8243;][tm_team_member social_networks=&#8221;%5B%5D&#8221; photo=&#8221;6627&#8243; name=&#8221;Selman Teng\u00fcz&#8221; position=&#8221;AirNewsTimes.Com Columnist&#8221;][tm_team_member social_networks=&#8221;%5B%5D&#8221; name=&#8221;Yesim Karacebe&#8221; position=&#8221;Aeronautical Engineer | Aviation Consulting&#8221; photo=&#8221;6629&#8243;][\/tm_grid][tm_spacer size=&#8221;lg:36&#8243;][\/vc_column][\/vc_row][vc_row full_width=&#8221;stretch_row&#8221;][vc_column][tm_spacer size=&#8221;lg:114&#8243;][tm_heading custom_google_font=&#8221;&#8221; align=&#8221;center&#8221; text=&#8221;Would you like to be a jury member?&#8221; line_height=&#8221;1.44&#8243;][tm_spacer size=&#8221;lg:41&#8243;][tm_button button=&#8221;url:%23|title:Apply|target:_blank&#8221; align=&#8221;center&#8221;][tm_spacer size=&#8221;lg:121&#8243;][\/vc_column][\/vc_row]<\/p>\n","protected":false},"excerpt":{"rendered":"<p>[vc_row][vc_column][tm_spacer size=&#8221;lg:124&#8243;][tm_heading custom_google_font=&#8221;&#8221; align=&#8221;center&#8221; text=&#8221;Jury Members &amp; Bluesky Awards &#8211; 2021&#8243; font_size=&#8221;xs:36;sm:44;md:52;lg:60&#8243; line_height=&#8221;1.5&#8243;][tm_spacer size=&#8221;lg:145&#8243;][\/vc_column][\/vc_row][vc_row full_width=&#8221;stretch_row&#8221;][vc_column][tm_grid columns=&#8221;xs:1;sm:2;lg:3&#8243; column_gutter=&#8221;md:30;lg:75&#8243; row_gutter=&#8221;lg:60&#8243;][tm_team_member social_networks=&#8221;%5B%5D&#8221; photo=&#8221;6643&#8243; name=&#8221;Necdet Aksa\u00e7&#8221; position=&#8221;Aircraft Technicians Association &#8211; UTED President&#8221;][tm_team_member social_networks=&#8221;%5B%5D&#8221; photo=&#8221;6636&#8243; name=&#8221;Din\u00e7er Sald\u0131r\u0131\u015f&#8221; position=&#8221;Turkish Aeronautical Association &#8211; President of Ayd\u0131n Branch&#8221;][tm_team_member social_networks=&#8221;%5B%5D&#8221; photo=&#8221;6630&#8243; name=&#8221;Kemal Zafer Topuz&#8221; position=&#8221;DHMI General Directorate Consultant&#8221;][tm_team_member social_networks=&#8221;%5B%5D&#8221; photo=&#8221;6633&#8243; name=&#8221;Alp S\u00fcleyman Evcil&#8221; position=&#8221;Total Aviation &#8211; Aircraft Avionics Workshop Chief&#8221;][tm_team_member social_networks=&#8221;%5B%5D&#8221; name=&#8221;Asst. Prof. G\u00fcla\u00e7t\u0131 \u015eEN&#8221; position=&#8221;IESU Department of Transportation Services&#8221; photo=&#8221;6638&#8243;][tm_team_member social_networks=&#8221;%5B%5D&#8221; name=&#8221;Ali Gen\u00e7&#8221; position=&#8221;TUSA\u015e &#8211; Media Communication Consultant&#8221; photo=&#8221;6632&#8243;][tm_team_member social_networks=&#8221;%5B%5D&#8221; photo=&#8221;6641&#8243; name=&#8221;Hatice Nur G\u00fcndo\u011fdu&#8221; position=&#8221;HNG Aviation &#8211; Pilot &amp; Instructor&#8221;][tm_team_member social_networks=&#8221;%5B%5D&#8221; name=&#8221;Prof.Dr Abidin K\u0131l\u0131\u00e7&#8221; position=&#8221;EST\u00dc Advisor to the Rector&#8221; photo=&#8221;6626&#8243;][tm_team_member social_networks=&#8221;%5B%5D&#8221; name=&#8221;Elif G\u00fcveyler&#8221; position=&#8221;Jazeera Airways &#8211; Pilot&#8221; photo=&#8221;6639&#8243;][tm_team_member social_networks=&#8221;%5B%5D&#8221; photo=&#8221;6631&#8243; name=&#8221;Abdullah Arpa&#8221; position=&#8221;Skyart Japan Founder-CEO &amp; Cpt. Pilot&#8221;][tm_team_member social_networks=&#8221;%5B%5D&#8221; name=&#8221;Cemal T\u00fcrko\u011flu&#8221; position=&#8221;Qatar Airways &#8211; Pilot &amp; CRM Instructor&#8221; photo=&#8221;6635&#8243;][tm_team_member social_networks=&#8221;%5B%5D&#8221; name=&#8221;Attorney \u00c7a\u011flar Altun&#8221; position=&#8221;Aviation Lawyer &#8211; HARKUL Defense Aviation Director&#8221; photo=&#8221;6634&#8243;][tm_team_member social_networks=&#8221;%5B%5D&#8221; name=&#8221;Dr. Erdal Dursun&#8221; position=&#8221;IOIS Institute &#8211; Chairman of the Supreme Board&#8221; photo=&#8221;6637&#8243;][tm_team_member social_networks=&#8221;%5B%5D&#8221; name=&#8221;\u00dcnal Aster&#8221; position=&#8221;Flight Instructor &amp; Aerobatic Pilot&#8221; photo=&#8221;6628&#8243;][tm_team_member social_networks=&#8221;%5B%5D&#8221; photo=&#8221;6640&#8243; name=&#8221;Eray Beceren&#8221; position=&#8221;Aviation Trainer Instructor&#8221;][tm_team_member social_networks=&#8221;%5B%5D&#8221; name=&#8221;Hilal Bahad\u0131r \u015eafak&#8221; position=&#8221;Swiss &amp; Lufthansa &#8211; Booking Officer&#8221; photo=&#8221;6642&#8243;][tm_team_member social_networks=&#8221;%5B%5D&#8221; photo=&#8221;6627&#8243; name=&#8221;Selman Teng\u00fcz&#8221; position=&#8221;AirNewsTimes.Com Columnist&#8221;][tm_team_member social_networks=&#8221;%5B%5D&#8221; name=&#8221;Yesim Karacebe&#8221; position=&#8221;Aeronautical Engineer | Aviation Consulting&#8221; photo=&#8221;6629&#8243;][\/tm_grid][tm_spacer size=&#8221;lg:36&#8243;][\/vc_column][\/vc_row][vc_row full_width=&#8221;stretch_row&#8221;][vc_column][tm_spacer size=&#8221;lg:114&#8243;][tm_heading custom_google_font=&#8221;&#8221; align=&#8221;center&#8221; text=&#8221;Would you like to be a jury member?&#8221; line_height=&#8221;1.44&#8243;][tm_spacer size=&#8221;lg:41&#8243;][tm_button button=&#8221;url:%23|title:Apply|target:_blank&#8221; align=&#8221;center&#8221;][tm_spacer size=&#8221;lg:121&#8243;][\/vc_column][\/vc_row]<\/p>\n","protected":false},"author":1,"featured_media":0,"parent":0,"menu_order":0,"comment_status":"closed","ping_status":"closed","template":"","meta":{"footnotes":""},"class_list":["post-1237","page","type-page","status-publish","hentry","post-no-thumbnail"],"yoast_head":"<!-- This site is optimized with the Yoast SEO plugin v23.3 - https:\/\/yoast.com\/wordpress\/plugins\/seo\/ -->\n<title>2021 Jury Members | Bluesky Awards<\/title>\n<meta name=\"robots\" content=\"index, follow, max-snippet:-1, max-image-preview:large, max-video-preview:-1\" \/>\n<link rel=\"canonical\" href=\"https:\/\/www.blueskyawards.com\/en\/jury-members\/\" \/>\n<meta property=\"og:locale\" content=\"en_GB\" \/>\n<meta property=\"og:type\" content=\"article\" \/>\n<meta property=\"og:title\" content=\"2021 Jury Members | Bluesky Awards\" \/>\n<meta property=\"og:description\" content=\"[vc_row][vc_column][tm_spacer size=&#8221;lg:124&#8243;][tm_heading custom_google_font=&#8221;&#8221; align=&#8221;center&#8221; text=&#8221;Jury Members &amp; Bluesky Awards &#8211; 2021&#8243; font_size=&#8221;xs:36;sm:44;md:52;lg:60&#8243; line_height=&#8221;1.5&#8243;][tm_spacer size=&#8221;lg:145&#8243;][\/vc_column][\/vc_row][vc_row full_width=&#8221;stretch_row&#8221;][vc_column][tm_grid columns=&#8221;xs:1;sm:2;lg:3&#8243; column_gutter=&#8221;md:30;lg:75&#8243; row_gutter=&#8221;lg:60&#8243;][tm_team_member social_networks=&#8221;%5B%5D&#8221; photo=&#8221;6643&#8243; name=&#8221;Necdet Aksa\u00e7&#8221; position=&#8221;Aircraft Technicians Association &#8211; UTED President&#8221;][tm_team_member social_networks=&#8221;%5B%5D&#8221; photo=&#8221;6636&#8243; name=&#8221;Din\u00e7er Sald\u0131r\u0131\u015f&#8221; position=&#8221;Turkish Aeronautical Association &#8211; President of Ayd\u0131n Branch&#8221;][tm_team_member social_networks=&#8221;%5B%5D&#8221; photo=&#8221;6630&#8243; name=&#8221;Kemal Zafer Topuz&#8221; position=&#8221;DHMI General Directorate Consultant&#8221;][tm_team_member social_networks=&#8221;%5B%5D&#8221; photo=&#8221;6633&#8243; name=&#8221;Alp S\u00fcleyman Evcil&#8221; position=&#8221;Total Aviation &#8211; Aircraft Avionics Workshop Chief&#8221;][tm_team_member social_networks=&#8221;%5B%5D&#8221; name=&#8221;Asst. Prof. G\u00fcla\u00e7t\u0131 \u015eEN&#8221; position=&#8221;IESU Department of Transportation Services&#8221; photo=&#8221;6638&#8243;][tm_team_member social_networks=&#8221;%5B%5D&#8221; name=&#8221;Ali Gen\u00e7&#8221; position=&#8221;TUSA\u015e &#8211; Media Communication Consultant&#8221; photo=&#8221;6632&#8243;][tm_team_member social_networks=&#8221;%5B%5D&#8221; photo=&#8221;6641&#8243; name=&#8221;Hatice Nur G\u00fcndo\u011fdu&#8221; position=&#8221;HNG Aviation &#8211; Pilot &amp; Instructor&#8221;][tm_team_member social_networks=&#8221;%5B%5D&#8221; name=&#8221;Prof.Dr Abidin K\u0131l\u0131\u00e7&#8221; position=&#8221;EST\u00dc Advisor to the Rector&#8221; photo=&#8221;6626&#8243;][tm_team_member social_networks=&#8221;%5B%5D&#8221; name=&#8221;Elif G\u00fcveyler&#8221; position=&#8221;Jazeera Airways &#8211; Pilot&#8221; photo=&#8221;6639&#8243;][tm_team_member social_networks=&#8221;%5B%5D&#8221; photo=&#8221;6631&#8243; name=&#8221;Abdullah Arpa&#8221; position=&#8221;Skyart Japan Founder-CEO &amp; Cpt. Pilot&#8221;][tm_team_member social_networks=&#8221;%5B%5D&#8221; name=&#8221;Cemal T\u00fcrko\u011flu&#8221; position=&#8221;Qatar Airways &#8211; Pilot &amp; CRM Instructor&#8221; photo=&#8221;6635&#8243;][tm_team_member social_networks=&#8221;%5B%5D&#8221; name=&#8221;Attorney \u00c7a\u011flar Altun&#8221; position=&#8221;Aviation Lawyer &#8211; HARKUL Defense Aviation Director&#8221; photo=&#8221;6634&#8243;][tm_team_member social_networks=&#8221;%5B%5D&#8221; name=&#8221;Dr. Erdal Dursun&#8221; position=&#8221;IOIS Institute &#8211; Chairman of the Supreme Board&#8221; photo=&#8221;6637&#8243;][tm_team_member social_networks=&#8221;%5B%5D&#8221; name=&#8221;\u00dcnal Aster&#8221; position=&#8221;Flight Instructor &amp; Aerobatic Pilot&#8221; photo=&#8221;6628&#8243;][tm_team_member social_networks=&#8221;%5B%5D&#8221; photo=&#8221;6640&#8243; name=&#8221;Eray Beceren&#8221; position=&#8221;Aviation Trainer Instructor&#8221;][tm_team_member social_networks=&#8221;%5B%5D&#8221; name=&#8221;Hilal Bahad\u0131r \u015eafak&#8221; position=&#8221;Swiss &amp; Lufthansa &#8211; Booking Officer&#8221; photo=&#8221;6642&#8243;][tm_team_member social_networks=&#8221;%5B%5D&#8221; photo=&#8221;6627&#8243; name=&#8221;Selman Teng\u00fcz&#8221; position=&#8221;AirNewsTimes.Com Columnist&#8221;][tm_team_member social_networks=&#8221;%5B%5D&#8221; name=&#8221;Yesim Karacebe&#8221; position=&#8221;Aeronautical Engineer | Aviation Consulting&#8221; photo=&#8221;6629&#8243;][\/tm_grid][tm_spacer size=&#8221;lg:36&#8243;][\/vc_column][\/vc_row][vc_row full_width=&#8221;stretch_row&#8221;][vc_column][tm_spacer size=&#8221;lg:114&#8243;][tm_heading custom_google_font=&#8221;&#8221; align=&#8221;center&#8221; text=&#8221;Would you like to be a jury member?&#8221; line_height=&#8221;1.44&#8243;][tm_spacer size=&#8221;lg:41&#8243;][tm_button button=&#8221;url:%23|title:Apply|target:_blank&#8221; align=&#8221;center&#8221;][tm_spacer size=&#8221;lg:121&#8243;][\/vc_column][\/vc_row]\" \/>\n<meta property=\"og:url\" content=\"https:\/\/www.blueskyawards.com\/en\/jury-members\/\" \/>\n<meta property=\"og:site_name\" content=\"Bluesky Awards\" \/>\n<meta property=\"article:modified_time\" content=\"2022-02-26T11:52:42+00:00\" \/>\n<meta name=\"twitter:card\" content=\"summary_large_image\" \/>\n<meta name=\"twitter:label1\" content=\"Estimated reading time\" \/>\n\t<meta name=\"twitter:data1\" content=\"1 minute\" \/>\n<script type=\"application\/ld+json\" class=\"yoast-schema-graph\">{\"@context\":\"https:\/\/schema.org\",\"@graph\":[{\"@type\":\"WebPage\",\"@id\":\"https:\/\/www.blueskyawards.com\/en\/jury-members\/\",\"url\":\"https:\/\/www.blueskyawards.com\/en\/jury-members\/\",\"name\":\"2021 Jury Members | Bluesky Awards\",\"isPartOf\":{\"@id\":\"https:\/\/www.blueskyawards.com\/en\/#website\"},\"datePublished\":\"2018-08-08T09:46:38+00:00\",\"dateModified\":\"2022-02-26T11:52:42+00:00\",\"breadcrumb\":{\"@id\":\"https:\/\/www.blueskyawards.com\/en\/jury-members\/#breadcrumb\"},\"inLanguage\":\"en-GB\",\"potentialAction\":[{\"@type\":\"ReadAction\",\"target\":[\"https:\/\/www.blueskyawards.com\/en\/jury-members\/\"]}]},{\"@type\":\"BreadcrumbList\",\"@id\":\"https:\/\/www.blueskyawards.com\/en\/jury-members\/#breadcrumb\",\"itemListElement\":[{\"@type\":\"ListItem\",\"position\":1,\"name\":\"Home\",\"item\":\"https:\/\/www.blueskyawards.com\/en\/\"},{\"@type\":\"ListItem\",\"position\":2,\"name\":\"2021 Jury Members\"}]},{\"@type\":\"WebSite\",\"@id\":\"https:\/\/www.blueskyawards.com\/en\/#website\",\"url\":\"https:\/\/www.blueskyawards.com\/en\/\",\"name\":\"Bluesky Awards\",\"description\":\"International Aviation Awards\",\"publisher\":{\"@id\":\"https:\/\/www.blueskyawards.com\/en\/#organization\"},\"potentialAction\":[{\"@type\":\"SearchAction\",\"target\":{\"@type\":\"EntryPoint\",\"urlTemplate\":\"https:\/\/www.blueskyawards.com\/en\/?s={search_term_string}\"},\"query-input\":\"required name=search_term_string\"}],\"inLanguage\":\"en-GB\"},{\"@type\":\"Organization\",\"@id\":\"https:\/\/www.blueskyawards.com\/en\/#organization\",\"name\":\"Bluesky Awards\",\"url\":\"https:\/\/www.blueskyawards.com\/en\/\",\"logo\":{\"@type\":\"ImageObject\",\"inLanguage\":\"en-GB\",\"@id\":\"https:\/\/www.blueskyawards.com\/en\/#\/schema\/logo\/image\/\",\"url\":\"https:\/\/www.blueskyawards.com\/en\/wp-content\/uploads\/sites\/2\/2021\/03\/site_kimligi_bluesky2020.png\",\"contentUrl\":\"https:\/\/www.blueskyawards.com\/en\/wp-content\/uploads\/sites\/2\/2021\/03\/site_kimligi_bluesky2020.png\",\"width\":512,\"height\":512,\"caption\":\"Bluesky Awards\"},\"image\":{\"@id\":\"https:\/\/www.blueskyawards.com\/en\/#\/schema\/logo\/image\/\"}}]}<\/script>\n<!-- \/ Yoast SEO plugin. -->","yoast_head_json":{"title":"2021 Jury Members | Bluesky Awards","robots":{"index":"index","follow":"follow","max-snippet":"max-snippet:-1","max-image-preview":"max-image-preview:large","max-video-preview":"max-video-preview:-1"},"canonical":"https:\/\/www.blueskyawards.com\/en\/jury-members\/","og_locale":"en_GB","og_type":"article","og_title":"2021 Jury Members | Bluesky Awards","og_description":"[vc_row][vc_column][tm_spacer size=&#8221;lg:124&#8243;][tm_heading custom_google_font=&#8221;&#8221; align=&#8221;center&#8221; text=&#8221;Jury Members &amp; Bluesky Awards &#8211; 2021&#8243; font_size=&#8221;xs:36;sm:44;md:52;lg:60&#8243; line_height=&#8221;1.5&#8243;][tm_spacer size=&#8221;lg:145&#8243;][\/vc_column][\/vc_row][vc_row full_width=&#8221;stretch_row&#8221;][vc_column][tm_grid columns=&#8221;xs:1;sm:2;lg:3&#8243; column_gutter=&#8221;md:30;lg:75&#8243; row_gutter=&#8221;lg:60&#8243;][tm_team_member social_networks=&#8221;%5B%5D&#8221; photo=&#8221;6643&#8243; name=&#8221;Necdet Aksa\u00e7&#8221; position=&#8221;Aircraft Technicians Association &#8211; UTED President&#8221;][tm_team_member social_networks=&#8221;%5B%5D&#8221; photo=&#8221;6636&#8243; name=&#8221;Din\u00e7er Sald\u0131r\u0131\u015f&#8221; position=&#8221;Turkish Aeronautical Association &#8211; President of Ayd\u0131n Branch&#8221;][tm_team_member social_networks=&#8221;%5B%5D&#8221; photo=&#8221;6630&#8243; name=&#8221;Kemal Zafer Topuz&#8221; position=&#8221;DHMI General Directorate Consultant&#8221;][tm_team_member social_networks=&#8221;%5B%5D&#8221; photo=&#8221;6633&#8243; name=&#8221;Alp S\u00fcleyman Evcil&#8221; position=&#8221;Total Aviation &#8211; Aircraft Avionics Workshop Chief&#8221;][tm_team_member social_networks=&#8221;%5B%5D&#8221; name=&#8221;Asst. Prof. G\u00fcla\u00e7t\u0131 \u015eEN&#8221; position=&#8221;IESU Department of Transportation Services&#8221; photo=&#8221;6638&#8243;][tm_team_member social_networks=&#8221;%5B%5D&#8221; name=&#8221;Ali Gen\u00e7&#8221; position=&#8221;TUSA\u015e &#8211; Media Communication Consultant&#8221; photo=&#8221;6632&#8243;][tm_team_member social_networks=&#8221;%5B%5D&#8221; photo=&#8221;6641&#8243; name=&#8221;Hatice Nur G\u00fcndo\u011fdu&#8221; position=&#8221;HNG Aviation &#8211; Pilot &amp; Instructor&#8221;][tm_team_member social_networks=&#8221;%5B%5D&#8221; name=&#8221;Prof.Dr Abidin K\u0131l\u0131\u00e7&#8221; position=&#8221;EST\u00dc Advisor to the Rector&#8221; photo=&#8221;6626&#8243;][tm_team_member social_networks=&#8221;%5B%5D&#8221; name=&#8221;Elif G\u00fcveyler&#8221; position=&#8221;Jazeera Airways &#8211; Pilot&#8221; photo=&#8221;6639&#8243;][tm_team_member social_networks=&#8221;%5B%5D&#8221; photo=&#8221;6631&#8243; name=&#8221;Abdullah Arpa&#8221; position=&#8221;Skyart Japan Founder-CEO &amp; Cpt. Pilot&#8221;][tm_team_member social_networks=&#8221;%5B%5D&#8221; name=&#8221;Cemal T\u00fcrko\u011flu&#8221; position=&#8221;Qatar Airways &#8211; Pilot &amp; CRM Instructor&#8221; photo=&#8221;6635&#8243;][tm_team_member social_networks=&#8221;%5B%5D&#8221; name=&#8221;Attorney \u00c7a\u011flar Altun&#8221; position=&#8221;Aviation Lawyer &#8211; HARKUL Defense Aviation Director&#8221; photo=&#8221;6634&#8243;][tm_team_member social_networks=&#8221;%5B%5D&#8221; name=&#8221;Dr. Erdal Dursun&#8221; position=&#8221;IOIS Institute &#8211; Chairman of the Supreme Board&#8221; photo=&#8221;6637&#8243;][tm_team_member social_networks=&#8221;%5B%5D&#8221; name=&#8221;\u00dcnal Aster&#8221; position=&#8221;Flight Instructor &amp; Aerobatic Pilot&#8221; photo=&#8221;6628&#8243;][tm_team_member social_networks=&#8221;%5B%5D&#8221; photo=&#8221;6640&#8243; name=&#8221;Eray Beceren&#8221; position=&#8221;Aviation Trainer Instructor&#8221;][tm_team_member social_networks=&#8221;%5B%5D&#8221; name=&#8221;Hilal Bahad\u0131r \u015eafak&#8221; position=&#8221;Swiss &amp; Lufthansa &#8211; Booking Officer&#8221; photo=&#8221;6642&#8243;][tm_team_member social_networks=&#8221;%5B%5D&#8221; photo=&#8221;6627&#8243; name=&#8221;Selman Teng\u00fcz&#8221; position=&#8221;AirNewsTimes.Com Columnist&#8221;][tm_team_member social_networks=&#8221;%5B%5D&#8221; name=&#8221;Yesim Karacebe&#8221; position=&#8221;Aeronautical Engineer | Aviation Consulting&#8221; photo=&#8221;6629&#8243;][\/tm_grid][tm_spacer size=&#8221;lg:36&#8243;][\/vc_column][\/vc_row][vc_row full_width=&#8221;stretch_row&#8221;][vc_column][tm_spacer size=&#8221;lg:114&#8243;][tm_heading custom_google_font=&#8221;&#8221; align=&#8221;center&#8221; text=&#8221;Would you like to be a jury member?&#8221; line_height=&#8221;1.44&#8243;][tm_spacer size=&#8221;lg:41&#8243;][tm_button button=&#8221;url:%23|title:Apply|target:_blank&#8221; align=&#8221;center&#8221;][tm_spacer size=&#8221;lg:121&#8243;][\/vc_column][\/vc_row]","og_url":"https:\/\/www.blueskyawards.com\/en\/jury-members\/","og_site_name":"Bluesky Awards","article_modified_time":"2022-02-26T11:52:42+00:00","twitter_card":"summary_large_image","twitter_misc":{"Estimated reading time":"1 minute"},"schema":{"@context":"https:\/\/schema.org","@graph":[{"@type":"WebPage","@id":"https:\/\/www.blueskyawards.com\/en\/jury-members\/","url":"https:\/\/www.blueskyawards.com\/en\/jury-members\/","name":"2021 Jury Members | Bluesky Awards","isPartOf":{"@id":"https:\/\/www.blueskyawards.com\/en\/#website"},"datePublished":"2018-08-08T09:46:38+00:00","dateModified":"2022-02-26T11:52:42+00:00","breadcrumb":{"@id":"https:\/\/www.blueskyawards.com\/en\/jury-members\/#breadcrumb"},"inLanguage":"en-GB","potentialAction":[{"@type":"ReadAction","target":["https:\/\/www.blueskyawards.com\/en\/jury-members\/"]}]},{"@type":"BreadcrumbList","@id":"https:\/\/www.blueskyawards.com\/en\/jury-members\/#breadcrumb","itemListElement":[{"@type":"ListItem","position":1,"name":"Home","item":"https:\/\/www.blueskyawards.com\/en\/"},{"@type":"ListItem","position":2,"name":"2021 Jury Members"}]},{"@type":"WebSite","@id":"https:\/\/www.blueskyawards.com\/en\/#website","url":"https:\/\/www.blueskyawards.com\/en\/","name":"Bluesky Awards","description":"International Aviation Awards","publisher":{"@id":"https:\/\/www.blueskyawards.com\/en\/#organization"},"potentialAction":[{"@type":"SearchAction","target":{"@type":"EntryPoint","urlTemplate":"https:\/\/www.blueskyawards.com\/en\/?s={search_term_string}"},"query-input":"required name=search_term_string"}],"inLanguage":"en-GB"},{"@type":"Organization","@id":"https:\/\/www.blueskyawards.com\/en\/#organization","name":"Bluesky Awards","url":"https:\/\/www.blueskyawards.com\/en\/","logo":{"@type":"ImageObject","inLanguage":"en-GB","@id":"https:\/\/www.blueskyawards.com\/en\/#\/schema\/logo\/image\/","url":"https:\/\/www.blueskyawards.com\/en\/wp-content\/uploads\/sites\/2\/2021\/03\/site_kimligi_bluesky2020.png","contentUrl":"https:\/\/www.blueskyawards.com\/en\/wp-content\/uploads\/sites\/2\/2021\/03\/site_kimligi_bluesky2020.png","width":512,"height":512,"caption":"Bluesky Awards"},"image":{"@id":"https:\/\/www.blueskyawards.com\/en\/#\/schema\/logo\/image\/"}}]}},"_links":{"self":[{"href":"https:\/\/www.blueskyawards.com\/en\/wp-json\/wp\/v2\/pages\/1237"}],"collection":[{"href":"https:\/\/www.blueskyawards.com\/en\/wp-json\/wp\/v2\/pages"}],"about":[{"href":"https:\/\/www.blueskyawards.com\/en\/wp-json\/wp\/v2\/types\/page"}],"author":[{"embeddable":true,"href":"https:\/\/www.blueskyawards.com\/en\/wp-json\/wp\/v2\/users\/1"}],"replies":[{"embeddable":true,"href":"https:\/\/www.blueskyawards.com\/en\/wp-json\/wp\/v2\/comments?post=1237"}],"version-history":[{"count":40,"href":"https:\/\/www.blueskyawards.com\/en\/wp-json\/wp\/v2\/pages\/1237\/revisions"}],"predecessor-version":[{"id":6678,"href":"https:\/\/www.blueskyawards.com\/en\/wp-json\/wp\/v2\/pages\/1237\/revisions\/6678"}],"wp:attachment":[{"href":"https:\/\/www.blueskyawards.com\/en\/wp-json\/wp\/v2\/media?parent=1237"}],"curies":[{"name":"wp","href":"https:\/\/api.w.org\/{rel}","templated":true}]}}