{"id":6213,"date":"2021-05-24T20:45:24","date_gmt":"2021-05-24T19:45:24","guid":{"rendered":"https:\/\/www.blueskyawards.com\/en\/?page_id=6213"},"modified":"2024-08-30T15:50:38","modified_gmt":"2024-08-30T14:50:38","slug":"our-team","status":"publish","type":"page","link":"https:\/\/www.blueskyawards.com\/en\/our-team\/","title":{"rendered":"Our Team"},"content":{"rendered":"<p>[vc_row][vc_column][tm_spacer size=&#8221;lg:100&#8243;][tm_heading custom_google_font=&#8221;&#8221; google_fonts=&#8221;font_family:Poppins%3A300%2Cregular%2C500%2C600%2C700|font_style:300%20light%20regular%3A300%3Anormal&#8221; align=&#8221;center&#8221; text=&#8221;<mark>Creative Crew<\/mark><br \/>\n&amp; Bluesky Awards 2024&#8243; font_size=&#8221;xs:36;sm:44;md:52;lg:60&#8243; line_height=&#8221;1.5&#8243;][tm_spacer size=&#8221;lg:124&#8243;][\/vc_column][\/vc_row][vc_row full_width=&#8221;stretch_row&#8221;][vc_column][tm_slider_group nav=&#8221;05&#8243; gutter=&#8221;30&#8243; items_display=&#8221;xs:1;sm:2;md:3;lg:3&#8243;][tm_team_member style=&#8221;03&#8243; social_networks=&#8221;%5B%7B%22icon_fontawesome5%22%3A%22fa%20fa-adjust%22%2C%22icon_ion%22%3A%22ion-alert%22%2C%22icon_linea%22%3A%22linea-arrows-anticlockwise%22%2C%22icon_linea_svg%22%3A%22linea-arrows-anticlockwise%22%7D%5D&#8221; photo=&#8221;7995&#8243; name=&#8221;Talip K\u0131\u015flak\u00e7\u0131&#8221; position=&#8221;Founder &#8211; GM&#8221;][tm_team_member style=&#8221;03&#8243; social_networks=&#8221;%5B%7B%22icon_fontawesome5%22%3A%22fa%20fa-adjust%22%2C%22icon_ion%22%3A%22ion-alert%22%2C%22icon_linea%22%3A%22linea-arrows-anticlockwise%22%2C%22icon_linea_svg%22%3A%22linea-arrows-anticlockwise%22%7D%5D&#8221; photo=&#8221;7992&#8243; name=&#8221;Hilal Bahad\u0131r \u015eafak&#8221; position=&#8221;Ceremony Coordinator&#8221;][tm_team_member style=&#8221;03&#8243; social_networks=&#8221;%5B%7B%22icon_fontawesome5%22%3A%22fa%20fa-adjust%22%2C%22icon_ion%22%3A%22ion-alert%22%2C%22icon_linea%22%3A%22linea-arrows-anticlockwise%22%2C%22icon_linea_svg%22%3A%22linea-arrows-anticlockwise%22%7D%5D&#8221; photo=&#8221;7993&#8243; name=&#8221;\u00d6zg\u00fcr Toprak&#8221; position=&#8221;Content Developer&#8221;][tm_team_member style=&#8221;03&#8243; social_networks=&#8221;%5B%7B%22icon_fontawesome5%22%3A%22fa%20fa-adjust%22%2C%22icon_ion%22%3A%22ion-alert%22%2C%22icon_linea%22%3A%22linea-arrows-anticlockwise%22%2C%22icon_linea_svg%22%3A%22linea-arrows-anticlockwise%22%7D%5D&#8221; photo=&#8221;7991&#8243; name=&#8221;Bet\u00fcl Uzun&#8221; position=&#8221;Project Director&#8221;][tm_team_member style=&#8221;03&#8243; social_networks=&#8221;%5B%7B%22icon_fontawesome5%22%3A%22fa%20fa-adjust%22%2C%22icon_ion%22%3A%22ion-alert%22%2C%22icon_linea%22%3A%22linea-arrows-anticlockwise%22%2C%22icon_linea_svg%22%3A%22linea-arrows-anticlockwise%22%7D%5D&#8221; photo=&#8221;7989&#8243; name=&#8221;Ahmed K\u0131\u015flak\u00e7\u0131&#8221; position=&#8221;Digital Stratejist&#8221;][\/tm_slider_group][tm_spacer size=&#8221;lg:35&#8243;][tm_spacer size=&#8221;lg:114&#8243;][tm_heading custom_google_font=&#8221;&#8221; align=&#8221;center&#8221; text=&#8221;Would you like to contact our team?&#8221; line_height=&#8221;1.44&#8243;][tm_spacer size=&#8221;lg:41&#8243;][tm_button button=&#8221;url:https%3A%2F%2Fwww.linkedin.com%2Fin%2Ftalip-kislakci-blueskyawards%2F|title:Connect|target:_blank&#8221; align=&#8221;center&#8221;][tm_spacer size=&#8221;lg:100&#8243;][\/vc_column][\/vc_row]<\/p>\n","protected":false},"excerpt":{"rendered":"<p>[vc_row][vc_column][tm_spacer size=&#8221;lg:100&#8243;][tm_heading custom_google_font=&#8221;&#8221; google_fonts=&#8221;font_family:Poppins%3A300%2Cregular%2C500%2C600%2C700|font_style:300%20light%20regular%3A300%3Anormal&#8221; align=&#8221;center&#8221; text=&#8221;Creative Crew &amp; Bluesky Awards 2024&#8243; font_size=&#8221;xs:36;sm:44;md:52;lg:60&#8243; line_height=&#8221;1.5&#8243;][tm_spacer size=&#8221;lg:124&#8243;][\/vc_column][\/vc_row][vc_row full_width=&#8221;stretch_row&#8221;][vc_column][tm_slider_group nav=&#8221;05&#8243; gutter=&#8221;30&#8243; items_display=&#8221;xs:1;sm:2;md:3;lg:3&#8243;][tm_team_member style=&#8221;03&#8243; social_networks=&#8221;%5B%7B%22icon_fontawesome5%22%3A%22fa%20fa-adjust%22%2C%22icon_ion%22%3A%22ion-alert%22%2C%22icon_linea%22%3A%22linea-arrows-anticlockwise%22%2C%22icon_linea_svg%22%3A%22linea-arrows-anticlockwise%22%7D%5D&#8221; photo=&#8221;7995&#8243; name=&#8221;Talip K\u0131\u015flak\u00e7\u0131&#8221; position=&#8221;Founder &#8211; GM&#8221;][tm_team_member style=&#8221;03&#8243; social_networks=&#8221;%5B%7B%22icon_fontawesome5%22%3A%22fa%20fa-adjust%22%2C%22icon_ion%22%3A%22ion-alert%22%2C%22icon_linea%22%3A%22linea-arrows-anticlockwise%22%2C%22icon_linea_svg%22%3A%22linea-arrows-anticlockwise%22%7D%5D&#8221; photo=&#8221;7992&#8243; name=&#8221;Hilal Bahad\u0131r \u015eafak&#8221; position=&#8221;Ceremony Coordinator&#8221;][tm_team_member style=&#8221;03&#8243; social_networks=&#8221;%5B%7B%22icon_fontawesome5%22%3A%22fa%20fa-adjust%22%2C%22icon_ion%22%3A%22ion-alert%22%2C%22icon_linea%22%3A%22linea-arrows-anticlockwise%22%2C%22icon_linea_svg%22%3A%22linea-arrows-anticlockwise%22%7D%5D&#8221; photo=&#8221;7993&#8243; name=&#8221;\u00d6zg\u00fcr Toprak&#8221; position=&#8221;Content Developer&#8221;][tm_team_member style=&#8221;03&#8243; social_networks=&#8221;%5B%7B%22icon_fontawesome5%22%3A%22fa%20fa-adjust%22%2C%22icon_ion%22%3A%22ion-alert%22%2C%22icon_linea%22%3A%22linea-arrows-anticlockwise%22%2C%22icon_linea_svg%22%3A%22linea-arrows-anticlockwise%22%7D%5D&#8221; photo=&#8221;7991&#8243; name=&#8221;Bet\u00fcl Uzun&#8221; position=&#8221;Project Director&#8221;][tm_team_member style=&#8221;03&#8243; social_networks=&#8221;%5B%7B%22icon_fontawesome5%22%3A%22fa%20fa-adjust%22%2C%22icon_ion%22%3A%22ion-alert%22%2C%22icon_linea%22%3A%22linea-arrows-anticlockwise%22%2C%22icon_linea_svg%22%3A%22linea-arrows-anticlockwise%22%7D%5D&#8221; photo=&#8221;7989&#8243; name=&#8221;Ahmed K\u0131\u015flak\u00e7\u0131&#8221; position=&#8221;Digital Stratejist&#8221;][\/tm_slider_group][tm_spacer size=&#8221;lg:35&#8243;][tm_spacer size=&#8221;lg:114&#8243;][tm_heading custom_google_font=&#8221;&#8221; align=&#8221;center&#8221; text=&#8221;Would you like to contact our team?&#8221; line_height=&#8221;1.44&#8243;][tm_spacer size=&#8221;lg:41&#8243;][tm_button button=&#8221;url:https%3A%2F%2Fwww.linkedin.com%2Fin%2Ftalip-kislakci-blueskyawards%2F|title:Connect|target:_blank&#8221; align=&#8221;center&#8221;][tm_spacer size=&#8221;lg:100&#8243;][\/vc_column][\/vc_row]<\/p>\n","protected":false},"author":1,"featured_media":0,"parent":0,"menu_order":0,"comment_status":"closed","ping_status":"closed","template":"","meta":{"footnotes":""},"class_list":["post-6213","page","type-page","status-publish","hentry","post-no-thumbnail"],"yoast_head":"<!-- This site is optimized with the Yoast SEO plugin v23.3 - https:\/\/yoast.com\/wordpress\/plugins\/seo\/ -->\n<title>Our Team | Bluesky Awards<\/title>\n<meta name=\"robots\" content=\"index, follow, max-snippet:-1, max-image-preview:large, max-video-preview:-1\" \/>\n<link rel=\"canonical\" href=\"https:\/\/www.blueskyawards.com\/en\/our-team\/\" \/>\n<meta property=\"og:locale\" content=\"en_GB\" \/>\n<meta property=\"og:type\" content=\"article\" \/>\n<meta property=\"og:title\" content=\"Our Team | Bluesky Awards\" \/>\n<meta property=\"og:description\" content=\"[vc_row][vc_column][tm_spacer size=&#8221;lg:100&#8243;][tm_heading custom_google_font=&#8221;&#8221; google_fonts=&#8221;font_family:Poppins%3A300%2Cregular%2C500%2C600%2C700|font_style:300%20light%20regular%3A300%3Anormal&#8221; align=&#8221;center&#8221; text=&#8221;Creative Crew &amp; Bluesky Awards 2024&#8243; font_size=&#8221;xs:36;sm:44;md:52;lg:60&#8243; line_height=&#8221;1.5&#8243;][tm_spacer size=&#8221;lg:124&#8243;][\/vc_column][\/vc_row][vc_row full_width=&#8221;stretch_row&#8221;][vc_column][tm_slider_group nav=&#8221;05&#8243; gutter=&#8221;30&#8243; items_display=&#8221;xs:1;sm:2;md:3;lg:3&#8243;][tm_team_member style=&#8221;03&#8243; social_networks=&#8221;%5B%7B%22icon_fontawesome5%22%3A%22fa%20fa-adjust%22%2C%22icon_ion%22%3A%22ion-alert%22%2C%22icon_linea%22%3A%22linea-arrows-anticlockwise%22%2C%22icon_linea_svg%22%3A%22linea-arrows-anticlockwise%22%7D%5D&#8221; photo=&#8221;7995&#8243; name=&#8221;Talip K\u0131\u015flak\u00e7\u0131&#8221; position=&#8221;Founder &#8211; GM&#8221;][tm_team_member style=&#8221;03&#8243; social_networks=&#8221;%5B%7B%22icon_fontawesome5%22%3A%22fa%20fa-adjust%22%2C%22icon_ion%22%3A%22ion-alert%22%2C%22icon_linea%22%3A%22linea-arrows-anticlockwise%22%2C%22icon_linea_svg%22%3A%22linea-arrows-anticlockwise%22%7D%5D&#8221; photo=&#8221;7992&#8243; name=&#8221;Hilal Bahad\u0131r \u015eafak&#8221; position=&#8221;Ceremony Coordinator&#8221;][tm_team_member style=&#8221;03&#8243; social_networks=&#8221;%5B%7B%22icon_fontawesome5%22%3A%22fa%20fa-adjust%22%2C%22icon_ion%22%3A%22ion-alert%22%2C%22icon_linea%22%3A%22linea-arrows-anticlockwise%22%2C%22icon_linea_svg%22%3A%22linea-arrows-anticlockwise%22%7D%5D&#8221; photo=&#8221;7993&#8243; name=&#8221;\u00d6zg\u00fcr Toprak&#8221; position=&#8221;Content Developer&#8221;][tm_team_member style=&#8221;03&#8243; social_networks=&#8221;%5B%7B%22icon_fontawesome5%22%3A%22fa%20fa-adjust%22%2C%22icon_ion%22%3A%22ion-alert%22%2C%22icon_linea%22%3A%22linea-arrows-anticlockwise%22%2C%22icon_linea_svg%22%3A%22linea-arrows-anticlockwise%22%7D%5D&#8221; photo=&#8221;7991&#8243; name=&#8221;Bet\u00fcl Uzun&#8221; position=&#8221;Project Director&#8221;][tm_team_member style=&#8221;03&#8243; social_networks=&#8221;%5B%7B%22icon_fontawesome5%22%3A%22fa%20fa-adjust%22%2C%22icon_ion%22%3A%22ion-alert%22%2C%22icon_linea%22%3A%22linea-arrows-anticlockwise%22%2C%22icon_linea_svg%22%3A%22linea-arrows-anticlockwise%22%7D%5D&#8221; photo=&#8221;7989&#8243; name=&#8221;Ahmed K\u0131\u015flak\u00e7\u0131&#8221; position=&#8221;Digital Stratejist&#8221;][\/tm_slider_group][tm_spacer size=&#8221;lg:35&#8243;][tm_spacer size=&#8221;lg:114&#8243;][tm_heading custom_google_font=&#8221;&#8221; align=&#8221;center&#8221; text=&#8221;Would you like to contact our team?&#8221; line_height=&#8221;1.44&#8243;][tm_spacer size=&#8221;lg:41&#8243;][tm_button button=&#8221;url:https%3A%2F%2Fwww.linkedin.com%2Fin%2Ftalip-kislakci-blueskyawards%2F|title:Connect|target:_blank&#8221; align=&#8221;center&#8221;][tm_spacer size=&#8221;lg:100&#8243;][\/vc_column][\/vc_row]\" \/>\n<meta property=\"og:url\" content=\"https:\/\/www.blueskyawards.com\/en\/our-team\/\" \/>\n<meta property=\"og:site_name\" content=\"Bluesky Awards\" \/>\n<meta property=\"article:modified_time\" content=\"2024-08-30T14:50:38+00:00\" \/>\n<meta name=\"twitter:card\" content=\"summary_large_image\" \/>\n<meta name=\"twitter:label1\" content=\"Estimated reading time\" \/>\n\t<meta name=\"twitter:data1\" content=\"2 minutes\" \/>\n<script type=\"application\/ld+json\" class=\"yoast-schema-graph\">{\"@context\":\"https:\/\/schema.org\",\"@graph\":[{\"@type\":\"WebPage\",\"@id\":\"https:\/\/www.blueskyawards.com\/en\/our-team\/\",\"url\":\"https:\/\/www.blueskyawards.com\/en\/our-team\/\",\"name\":\"Our Team | Bluesky Awards\",\"isPartOf\":{\"@id\":\"https:\/\/www.blueskyawards.com\/en\/#website\"},\"datePublished\":\"2021-05-24T19:45:24+00:00\",\"dateModified\":\"2024-08-30T14:50:38+00:00\",\"breadcrumb\":{\"@id\":\"https:\/\/www.blueskyawards.com\/en\/our-team\/#breadcrumb\"},\"inLanguage\":\"en-GB\",\"potentialAction\":[{\"@type\":\"ReadAction\",\"target\":[\"https:\/\/www.blueskyawards.com\/en\/our-team\/\"]}]},{\"@type\":\"BreadcrumbList\",\"@id\":\"https:\/\/www.blueskyawards.com\/en\/our-team\/#breadcrumb\",\"itemListElement\":[{\"@type\":\"ListItem\",\"position\":1,\"name\":\"Home\",\"item\":\"https:\/\/www.blueskyawards.com\/en\/\"},{\"@type\":\"ListItem\",\"position\":2,\"name\":\"Our Team\"}]},{\"@type\":\"WebSite\",\"@id\":\"https:\/\/www.blueskyawards.com\/en\/#website\",\"url\":\"https:\/\/www.blueskyawards.com\/en\/\",\"name\":\"Bluesky Awards\",\"description\":\"International Aviation Awards\",\"publisher\":{\"@id\":\"https:\/\/www.blueskyawards.com\/en\/#organization\"},\"potentialAction\":[{\"@type\":\"SearchAction\",\"target\":{\"@type\":\"EntryPoint\",\"urlTemplate\":\"https:\/\/www.blueskyawards.com\/en\/?s={search_term_string}\"},\"query-input\":\"required name=search_term_string\"}],\"inLanguage\":\"en-GB\"},{\"@type\":\"Organization\",\"@id\":\"https:\/\/www.blueskyawards.com\/en\/#organization\",\"name\":\"Bluesky Awards\",\"url\":\"https:\/\/www.blueskyawards.com\/en\/\",\"logo\":{\"@type\":\"ImageObject\",\"inLanguage\":\"en-GB\",\"@id\":\"https:\/\/www.blueskyawards.com\/en\/#\/schema\/logo\/image\/\",\"url\":\"https:\/\/www.blueskyawards.com\/en\/wp-content\/uploads\/sites\/2\/2021\/03\/site_kimligi_bluesky2020.png\",\"contentUrl\":\"https:\/\/www.blueskyawards.com\/en\/wp-content\/uploads\/sites\/2\/2021\/03\/site_kimligi_bluesky2020.png\",\"width\":512,\"height\":512,\"caption\":\"Bluesky Awards\"},\"image\":{\"@id\":\"https:\/\/www.blueskyawards.com\/en\/#\/schema\/logo\/image\/\"}}]}<\/script>\n<!-- \/ Yoast SEO plugin. -->","yoast_head_json":{"title":"Our Team | Bluesky Awards","robots":{"index":"index","follow":"follow","max-snippet":"max-snippet:-1","max-image-preview":"max-image-preview:large","max-video-preview":"max-video-preview:-1"},"canonical":"https:\/\/www.blueskyawards.com\/en\/our-team\/","og_locale":"en_GB","og_type":"article","og_title":"Our Team | Bluesky Awards","og_description":"[vc_row][vc_column][tm_spacer size=&#8221;lg:100&#8243;][tm_heading custom_google_font=&#8221;&#8221; google_fonts=&#8221;font_family:Poppins%3A300%2Cregular%2C500%2C600%2C700|font_style:300%20light%20regular%3A300%3Anormal&#8221; align=&#8221;center&#8221; text=&#8221;Creative Crew &amp; Bluesky Awards 2024&#8243; font_size=&#8221;xs:36;sm:44;md:52;lg:60&#8243; line_height=&#8221;1.5&#8243;][tm_spacer size=&#8221;lg:124&#8243;][\/vc_column][\/vc_row][vc_row full_width=&#8221;stretch_row&#8221;][vc_column][tm_slider_group nav=&#8221;05&#8243; gutter=&#8221;30&#8243; items_display=&#8221;xs:1;sm:2;md:3;lg:3&#8243;][tm_team_member style=&#8221;03&#8243; social_networks=&#8221;%5B%7B%22icon_fontawesome5%22%3A%22fa%20fa-adjust%22%2C%22icon_ion%22%3A%22ion-alert%22%2C%22icon_linea%22%3A%22linea-arrows-anticlockwise%22%2C%22icon_linea_svg%22%3A%22linea-arrows-anticlockwise%22%7D%5D&#8221; photo=&#8221;7995&#8243; name=&#8221;Talip K\u0131\u015flak\u00e7\u0131&#8221; position=&#8221;Founder &#8211; GM&#8221;][tm_team_member style=&#8221;03&#8243; social_networks=&#8221;%5B%7B%22icon_fontawesome5%22%3A%22fa%20fa-adjust%22%2C%22icon_ion%22%3A%22ion-alert%22%2C%22icon_linea%22%3A%22linea-arrows-anticlockwise%22%2C%22icon_linea_svg%22%3A%22linea-arrows-anticlockwise%22%7D%5D&#8221; photo=&#8221;7992&#8243; name=&#8221;Hilal Bahad\u0131r \u015eafak&#8221; position=&#8221;Ceremony Coordinator&#8221;][tm_team_member style=&#8221;03&#8243; social_networks=&#8221;%5B%7B%22icon_fontawesome5%22%3A%22fa%20fa-adjust%22%2C%22icon_ion%22%3A%22ion-alert%22%2C%22icon_linea%22%3A%22linea-arrows-anticlockwise%22%2C%22icon_linea_svg%22%3A%22linea-arrows-anticlockwise%22%7D%5D&#8221; photo=&#8221;7993&#8243; name=&#8221;\u00d6zg\u00fcr Toprak&#8221; position=&#8221;Content Developer&#8221;][tm_team_member style=&#8221;03&#8243; social_networks=&#8221;%5B%7B%22icon_fontawesome5%22%3A%22fa%20fa-adjust%22%2C%22icon_ion%22%3A%22ion-alert%22%2C%22icon_linea%22%3A%22linea-arrows-anticlockwise%22%2C%22icon_linea_svg%22%3A%22linea-arrows-anticlockwise%22%7D%5D&#8221; photo=&#8221;7991&#8243; name=&#8221;Bet\u00fcl Uzun&#8221; position=&#8221;Project Director&#8221;][tm_team_member style=&#8221;03&#8243; social_networks=&#8221;%5B%7B%22icon_fontawesome5%22%3A%22fa%20fa-adjust%22%2C%22icon_ion%22%3A%22ion-alert%22%2C%22icon_linea%22%3A%22linea-arrows-anticlockwise%22%2C%22icon_linea_svg%22%3A%22linea-arrows-anticlockwise%22%7D%5D&#8221; photo=&#8221;7989&#8243; name=&#8221;Ahmed K\u0131\u015flak\u00e7\u0131&#8221; position=&#8221;Digital Stratejist&#8221;][\/tm_slider_group][tm_spacer size=&#8221;lg:35&#8243;][tm_spacer size=&#8221;lg:114&#8243;][tm_heading custom_google_font=&#8221;&#8221; align=&#8221;center&#8221; text=&#8221;Would you like to contact our team?&#8221; line_height=&#8221;1.44&#8243;][tm_spacer size=&#8221;lg:41&#8243;][tm_button button=&#8221;url:https%3A%2F%2Fwww.linkedin.com%2Fin%2Ftalip-kislakci-blueskyawards%2F|title:Connect|target:_blank&#8221; align=&#8221;center&#8221;][tm_spacer size=&#8221;lg:100&#8243;][\/vc_column][\/vc_row]","og_url":"https:\/\/www.blueskyawards.com\/en\/our-team\/","og_site_name":"Bluesky Awards","article_modified_time":"2024-08-30T14:50:38+00:00","twitter_card":"summary_large_image","twitter_misc":{"Estimated reading time":"2 minutes"},"schema":{"@context":"https:\/\/schema.org","@graph":[{"@type":"WebPage","@id":"https:\/\/www.blueskyawards.com\/en\/our-team\/","url":"https:\/\/www.blueskyawards.com\/en\/our-team\/","name":"Our Team | Bluesky Awards","isPartOf":{"@id":"https:\/\/www.blueskyawards.com\/en\/#website"},"datePublished":"2021-05-24T19:45:24+00:00","dateModified":"2024-08-30T14:50:38+00:00","breadcrumb":{"@id":"https:\/\/www.blueskyawards.com\/en\/our-team\/#breadcrumb"},"inLanguage":"en-GB","potentialAction":[{"@type":"ReadAction","target":["https:\/\/www.blueskyawards.com\/en\/our-team\/"]}]},{"@type":"BreadcrumbList","@id":"https:\/\/www.blueskyawards.com\/en\/our-team\/#breadcrumb","itemListElement":[{"@type":"ListItem","position":1,"name":"Home","item":"https:\/\/www.blueskyawards.com\/en\/"},{"@type":"ListItem","position":2,"name":"Our Team"}]},{"@type":"WebSite","@id":"https:\/\/www.blueskyawards.com\/en\/#website","url":"https:\/\/www.blueskyawards.com\/en\/","name":"Bluesky Awards","description":"International Aviation Awards","publisher":{"@id":"https:\/\/www.blueskyawards.com\/en\/#organization"},"potentialAction":[{"@type":"SearchAction","target":{"@type":"EntryPoint","urlTemplate":"https:\/\/www.blueskyawards.com\/en\/?s={search_term_string}"},"query-input":"required name=search_term_string"}],"inLanguage":"en-GB"},{"@type":"Organization","@id":"https:\/\/www.blueskyawards.com\/en\/#organization","name":"Bluesky Awards","url":"https:\/\/www.blueskyawards.com\/en\/","logo":{"@type":"ImageObject","inLanguage":"en-GB","@id":"https:\/\/www.blueskyawards.com\/en\/#\/schema\/logo\/image\/","url":"https:\/\/www.blueskyawards.com\/en\/wp-content\/uploads\/sites\/2\/2021\/03\/site_kimligi_bluesky2020.png","contentUrl":"https:\/\/www.blueskyawards.com\/en\/wp-content\/uploads\/sites\/2\/2021\/03\/site_kimligi_bluesky2020.png","width":512,"height":512,"caption":"Bluesky Awards"},"image":{"@id":"https:\/\/www.blueskyawards.com\/en\/#\/schema\/logo\/image\/"}}]}},"_links":{"self":[{"href":"https:\/\/www.blueskyawards.com\/en\/wp-json\/wp\/v2\/pages\/6213"}],"collection":[{"href":"https:\/\/www.blueskyawards.com\/en\/wp-json\/wp\/v2\/pages"}],"about":[{"href":"https:\/\/www.blueskyawards.com\/en\/wp-json\/wp\/v2\/types\/page"}],"author":[{"embeddable":true,"href":"https:\/\/www.blueskyawards.com\/en\/wp-json\/wp\/v2\/users\/1"}],"replies":[{"embeddable":true,"href":"https:\/\/www.blueskyawards.com\/en\/wp-json\/wp\/v2\/comments?post=6213"}],"version-history":[{"count":23,"href":"https:\/\/www.blueskyawards.com\/en\/wp-json\/wp\/v2\/pages\/6213\/revisions"}],"predecessor-version":[{"id":8079,"href":"https:\/\/www.blueskyawards.com\/en\/wp-json\/wp\/v2\/pages\/6213\/revisions\/8079"}],"wp:attachment":[{"href":"https:\/\/www.blueskyawards.com\/en\/wp-json\/wp\/v2\/media?parent=6213"}],"curies":[{"name":"wp","href":"https:\/\/api.w.org\/{rel}","templated":true}]}}